{"id":2,"date":"2022-01-26T09:36:57","date_gmt":"2022-01-26T08:36:57","guid":{"rendered":"https:\/\/orionagroup.com\/?page_id=2"},"modified":"2022-02-16T13:46:57","modified_gmt":"2022-02-16T12:46:57","slug":"page-d-exemple","status":"publish","type":"page","link":"https:\/\/orionagroup.com\/fr","title":{"rendered":"3 centres d&rsquo;affaires et de coworking \u00e0 Bruxelles"},"content":{"rendered":"\r\n<p>Orionagroup a rejoint le groupe belge TOPOS.<span class=\"Apple-converted-space\">\u00a0<\/span><\/p>\r\n<p>Orionagroup-TOPOS, ce ne sont pas simplement des m\u00e8tres carr\u00e9s de bureaux, mais des\u00a0environnements inspirants habit\u00e9s par des valeurs que nous partageons \u00a0: relations humaines, qualit\u00e9 du service, flexibilit\u00e9, avec une \u00e9quipe \u00e0 l\u2019\u00e9coute des besoins et attentes des clients et membres.<\/p>\r\n<p>Nos immeubles chaleureux offrent environnement haut-de-gamme, dimension humaine et localisation strat\u00e9gique : <a href=\"\/fr\/centre-affaire\/louise\" data-type=\"URL\" data-id=\"louise\">Louise<\/a>, <a href=\"\/fr\/centre-affaire\/merode\">Merode<\/a> ainsi que dans le <a href=\"\/fr\/centre-affaire\/schuman\">quartier europ\u00e9en<\/a>.<\/p>\r\n<p>Autant de lieux professionnels qui stimulent le travail et favorisent les \u00e9changes interprofessionnels. <span class=\"Apple-converted-space\">\u00a0<\/span><\/p>\r\n\r\n\r\n\r\n\r\n","protected":false},"excerpt":{"rendered":"<p>Orionagroup a rejoint le groupe belge TOPOS.\u00a0 Orionagroup-TOPOS, ce ne sont pas simplement des m\u00e8tres carr\u00e9s de bureaux, mais des\u00a0environnements inspirants habit\u00e9s par des valeurs que nous partageons \u00a0: relations humaines, qualit\u00e9 du service, flexibilit\u00e9, avec une \u00e9quipe \u00e0 l\u2019\u00e9coute des besoins et attentes des clients et membres. Nos immeubles chaleureux offrent environnement haut-de-gamme, dimension&hellip;<\/p>\n","protected":false},"author":1,"featured_media":0,"parent":0,"menu_order":0,"comment_status":"closed","ping_status":"open","template":"page-home.php","meta":{"_acf_changed":false,"footnotes":""},"class_list":["post-2","page","type-page","status-publish","hentry"],"acf":[],"_links":{"self":[{"href":"https:\/\/orionagroup.com\/fr\/wp-json\/wp\/v2\/pages\/2","targetHints":{"allow":["GET"]}}],"collection":[{"href":"https:\/\/orionagroup.com\/fr\/wp-json\/wp\/v2\/pages"}],"about":[{"href":"https:\/\/orionagroup.com\/fr\/wp-json\/wp\/v2\/types\/page"}],"author":[{"embeddable":true,"href":"https:\/\/orionagroup.com\/fr\/wp-json\/wp\/v2\/users\/1"}],"replies":[{"embeddable":true,"href":"https:\/\/orionagroup.com\/fr\/wp-json\/wp\/v2\/comments?post=2"}],"version-history":[{"count":0,"href":"https:\/\/orionagroup.com\/fr\/wp-json\/wp\/v2\/pages\/2\/revisions"}],"wp:attachment":[{"href":"https:\/\/orionagroup.com\/fr\/wp-json\/wp\/v2\/media?parent=2"}],"curies":[{"name":"wp","href":"https:\/\/api.w.org\/{rel}","templated":true}]}}