{"id":66,"date":"2022-01-26T12:05:46","date_gmt":"2022-01-26T11:05:46","guid":{"rendered":"https:\/\/orionagroup.com\/?page_id=66"},"modified":"2022-02-16T17:04:03","modified_gmt":"2022-02-16T16:04:03","slug":"services","status":"publish","type":"page","link":"https:\/\/orionagroup.com\/fr\/services","title":{"rendered":"Location d&rsquo;espaces de travail privatifs et partag\u00e9s, services personnalis\u00e9s"},"content":{"rendered":"\r\n<p>Espace de coworking, adresse commerciale ou si\u00e8ge social, bureau priv\u00e9 \u00e9quip\u00e9, bureau virtuel, salle de r\u00e9union, assistance administrative, th\u00e9, caf\u00e9 frais et moulu (issu du commerce \u00e9quitable et import\u00e9 par l\u2019une de nos membres) \u00e0 volont\u00e9\u2026 l\u2019espace de travail id\u00e9al c\u2019est notre affaire\u00a0! Et ce \u00e0 prix abordable, sans frais cach\u00e9s.<\/p>\r\n\r\n\r\n\r\n<p>Nos centres d\u2019affaires et de coworking sont enti\u00e8rement \u00e9quip\u00e9s et pr\u00eats \u00e0 l\u2019emploi\u00a0: mobilier design et ergonomique, internet haut d\u00e9bit, imprimantes multifonctions, chauffage, \u00e9lectricit\u00e9, espaces de d\u00e9tente, jardins, terrasse et une \u00e9quipe multilingue \u2026 tout est inclus\u00a0!<\/p>\r\n\r\n\r\n\r\n<p>Que ce soit pour une journ\u00e9e ou pour plusieurs mois, notre \u00e9quipe souriante et professionnelle sera ravie de vous accompagner. Et ce dans plus de 8 langues parl\u00e9es.<\/p>","protected":false},"excerpt":{"rendered":"<p>Espace de coworking, adresse commerciale ou si\u00e8ge social, bureau priv\u00e9 \u00e9quip\u00e9, bureau virtuel, salle de r\u00e9union, assistance administrative, th\u00e9, caf\u00e9 frais et moulu (issu du commerce \u00e9quitable et import\u00e9 par l\u2019une de nos membres) \u00e0 volont\u00e9\u2026 l\u2019espace de travail id\u00e9al c\u2019est notre affaire\u00a0! Et ce \u00e0 prix abordable, sans frais cach\u00e9s. Nos centres d\u2019affaires et&hellip;<\/p>\n","protected":false},"author":1,"featured_media":335,"parent":0,"menu_order":1,"comment_status":"closed","ping_status":"closed","template":"page-services.php","meta":{"_acf_changed":false,"footnotes":""},"class_list":["post-66","page","type-page","status-publish","has-post-thumbnail","hentry"],"acf":[],"_links":{"self":[{"href":"https:\/\/orionagroup.com\/fr\/wp-json\/wp\/v2\/pages\/66","targetHints":{"allow":["GET"]}}],"collection":[{"href":"https:\/\/orionagroup.com\/fr\/wp-json\/wp\/v2\/pages"}],"about":[{"href":"https:\/\/orionagroup.com\/fr\/wp-json\/wp\/v2\/types\/page"}],"author":[{"embeddable":true,"href":"https:\/\/orionagroup.com\/fr\/wp-json\/wp\/v2\/users\/1"}],"replies":[{"embeddable":true,"href":"https:\/\/orionagroup.com\/fr\/wp-json\/wp\/v2\/comments?post=66"}],"version-history":[{"count":0,"href":"https:\/\/orionagroup.com\/fr\/wp-json\/wp\/v2\/pages\/66\/revisions"}],"wp:featuredmedia":[{"embeddable":true,"href":"https:\/\/orionagroup.com\/fr\/wp-json\/wp\/v2\/media\/335"}],"wp:attachment":[{"href":"https:\/\/orionagroup.com\/fr\/wp-json\/wp\/v2\/media?parent=66"}],"curies":[{"name":"wp","href":"https:\/\/api.w.org\/{rel}","templated":true}]}}