{"id":72,"date":"2022-01-26T12:09:04","date_gmt":"2022-01-26T11:09:04","guid":{"rendered":"https:\/\/orionagroup.com\/?page_id=72"},"modified":"2022-02-16T17:08:52","modified_gmt":"2022-02-16T16:08:52","slug":"contact","status":"publish","type":"page","link":"https:\/\/orionagroup.com\/fr\/contact","title":{"rendered":"Contactez-nous"},"content":{"rendered":"\n<div class=\"wpcf7 no-js\" id=\"wpcf7-f170-o1\" lang=\"fr-FR\" dir=\"ltr\" data-wpcf7-id=\"170\">\n<div class=\"screen-reader-response\"><p role=\"status\" aria-live=\"polite\" aria-atomic=\"true\"><\/p> <ul><\/ul><\/div>\n<form action=\"\/fr\/wp-json\/wp\/v2\/pages\/72#wpcf7-f170-o1\" method=\"post\" class=\"wpcf7-form init\" aria-label=\"Formulaire de contact\" novalidate=\"novalidate\" data-status=\"init\">\n<fieldset class=\"hidden-fields-container\"><input type=\"hidden\" name=\"_wpcf7\" value=\"170\" \/><input type=\"hidden\" name=\"_wpcf7_version\" value=\"6.1.2\" \/><input type=\"hidden\" name=\"_wpcf7_locale\" value=\"fr_FR\" \/><input type=\"hidden\" name=\"_wpcf7_unit_tag\" value=\"wpcf7-f170-o1\" \/><input type=\"hidden\" name=\"_wpcf7_container_post\" value=\"0\" \/><input type=\"hidden\" name=\"_wpcf7_posted_data_hash\" value=\"\" \/>\n<\/fieldset>\n<div class=\"input text\">\n\t<p><label for=\"firstname\">Pr\u00e9nom<\/label><br \/>\n<span class=\"wpcf7-form-control-wrap\" data-name=\"firstname\"><input size=\"40\" maxlength=\"400\" class=\"wpcf7-form-control wpcf7-text wpcf7-validates-as-required\" id=\"firstname\" aria-required=\"true\" aria-invalid=\"false\" value=\"\" type=\"text\" name=\"firstname\" \/><\/span>\n\t<\/p>\n<\/div>\n<div class=\"input text\">\n\t<p><label for=\"lastname\">Nom<\/label><br \/>\n<span class=\"wpcf7-form-control-wrap\" data-name=\"lastname\"><input size=\"40\" maxlength=\"400\" class=\"wpcf7-form-control wpcf7-text wpcf7-validates-as-required\" id=\"lastname\" aria-required=\"true\" aria-invalid=\"false\" value=\"\" type=\"text\" name=\"lastname\" \/><\/span>\n\t<\/p>\n<\/div>\n<div class=\"input email\">\n\t<p><label for=\"email\">Adresse e-mail<\/label><br \/>\n<span class=\"wpcf7-form-control-wrap\" data-name=\"email\"><input size=\"40\" maxlength=\"400\" class=\"wpcf7-form-control wpcf7-email wpcf7-validates-as-required wpcf7-text wpcf7-validates-as-email\" id=\"email\" aria-required=\"true\" aria-invalid=\"false\" value=\"\" type=\"email\" name=\"email\" \/><\/span><br \/>\n<span id=\"wpcf7-69d2548268de9-wrapper\" class=\"wpcf7-form-control-wrap email-hp-wrap\" ><label for=\"wpcf7-69d2548268de9-field\" class=\"hp-message\">Veuillez laisser ce champ vide.<\/label><input id=\"wpcf7-69d2548268de9-field\"  class=\"wpcf7-form-control wpcf7-text\" type=\"text\" name=\"email-hp\" value=\"\" size=\"40\" tabindex=\"-1\" autocomplete=\"new-password\" \/><\/span>\n\t<\/p>\n<\/div>\n<div class=\"input tel\">\n\t<p><label for=\"phone\">Num\u00e9ro de t\u00e9l\u00e9phone<\/label><br \/>\n<span class=\"wpcf7-form-control-wrap\" data-name=\"phone\"><input size=\"40\" maxlength=\"400\" class=\"wpcf7-form-control wpcf7-tel wpcf7-validates-as-required wpcf7-text wpcf7-validates-as-tel\" id=\"phone\" aria-required=\"true\" aria-invalid=\"false\" value=\"\" type=\"tel\" name=\"phone\" \/><\/span>\n\t<\/p>\n<\/div>\n<div class=\"input select\">\n\t<p><label for=\"subject\">Sujet<\/label><br \/>\n<span class=\"wpcf7-form-control-wrap\" data-name=\"subject\"><select class=\"wpcf7-form-control wpcf7-select wpcf7-validates-as-required\" id=\"subject\" aria-required=\"true\" aria-invalid=\"false\" name=\"subject\"><option value=\"ASK\">Demande d&#039;information(s)<\/option><option value=\"QUOTE\">Offre de prix<\/option><option value=\"VISIT\">Planifier une visite<\/option><option value=\"OTHER\">Autre<\/option><\/select><\/span>\n\t<\/p>\n<\/div>\n<div class=\"input textarea\">\n\t<p><label for=\"message\">Votre message<\/label><br \/>\n<span class=\"wpcf7-form-control-wrap\" data-name=\"message\"><textarea cols=\"40\" rows=\"10\" maxlength=\"2000\" class=\"wpcf7-form-control wpcf7-textarea\" id=\"message\" aria-invalid=\"false\" name=\"message\"><\/textarea><\/span>\n\t<\/p>\n<\/div>\n<div class=\"submit\">\n\t<p><input class=\"wpcf7-form-control wpcf7-submit has-spinner\" type=\"submit\" value=\"Envoyer\" \/>\n\t<\/p>\n<\/div>\n<div class=\"form-notes\">\n\t<p>Les donn\u00e9es collect\u00e9es \u00e0 l'aide de ce formulaire nous permettent de reprendre contact avec vous suite \u00e0 votre message. Elles ne sont pas transmises \u00e0 des tiers et sont conserv\u00e9es au maximum durant 12 mois. <a href=\"\/fr\/confidentialite\">Politique de confidentialit\u00e9<\/a>\n\t<\/p>\n<\/div><div class=\"wpcf7-response-output\" aria-hidden=\"true\"><\/div>\n<\/form>\n<\/div>\n\n","protected":false},"excerpt":{"rendered":"","protected":false},"author":1,"featured_media":341,"parent":0,"menu_order":6,"comment_status":"closed","ping_status":"closed","template":"","meta":{"_acf_changed":false,"footnotes":""},"class_list":["post-72","page","type-page","status-publish","has-post-thumbnail","hentry"],"acf":[],"_links":{"self":[{"href":"https:\/\/orionagroup.com\/fr\/wp-json\/wp\/v2\/pages\/72","targetHints":{"allow":["GET"]}}],"collection":[{"href":"https:\/\/orionagroup.com\/fr\/wp-json\/wp\/v2\/pages"}],"about":[{"href":"https:\/\/orionagroup.com\/fr\/wp-json\/wp\/v2\/types\/page"}],"author":[{"embeddable":true,"href":"https:\/\/orionagroup.com\/fr\/wp-json\/wp\/v2\/users\/1"}],"replies":[{"embeddable":true,"href":"https:\/\/orionagroup.com\/fr\/wp-json\/wp\/v2\/comments?post=72"}],"version-history":[{"count":0,"href":"https:\/\/orionagroup.com\/fr\/wp-json\/wp\/v2\/pages\/72\/revisions"}],"wp:featuredmedia":[{"embeddable":true,"href":"https:\/\/orionagroup.com\/fr\/wp-json\/wp\/v2\/media\/341"}],"wp:attachment":[{"href":"https:\/\/orionagroup.com\/fr\/wp-json\/wp\/v2\/media?parent=72"}],"curies":[{"name":"wp","href":"https:\/\/api.w.org\/{rel}","templated":true}]}}